{"id":4022,"date":"2018-10-31T12:26:41","date_gmt":"2018-10-31T11:26:41","guid":{"rendered":"https:\/\/www.sleepis.it\/?post_type=product&#038;p=4022"},"modified":"2026-02-13T04:23:24","modified_gmt":"2026-02-13T03:23:24","slug":"copripiumone","status":"publish","type":"product","link":"https:\/\/www.sleepis.it\/en\/prodotto\/copripiumone\/","title":{"rendered":"the duvet cover"},"content":{"rendered":"<p>TACOS, the ideal duvet cover.<\/p>\n<p>The novelty of TACOS compared to existing products on the market, is the convenient opening on three sides and the possibility to lock the duvet on the ends:<\/p>\n<p>stretch the duvet cover on the bed<br \/>\nopen it thanks to the plastic hinge<br \/>\nplace the duvet inside<br \/>\nlock it at the 4 corners with the clips<br \/>\nclose the zipper<br \/>\nDone!<\/p>\n<p>Tacos has been studied for <a href=\"https:\/\/www.sleepis.it\/costruisci-il-tuo-piumone\/configure\/20\/\"><strong>+ me<\/strong><\/a> in its double version.<br \/>\nIt can also be used with other duvets.<br \/>\nHoused inside a duvet with size cm. 250 x 220, made in 100% cotton, percale TC200.<br \/>\nYou can choose it double face (two different colors, front and back), or white (white \/ white).<\/p>","protected":false},"excerpt":{"rendered":"<p>Convenient 3-sided opening and duvet lock at the ends.<\/p>\n<p>Material: 100 % cotton (percale TC200), in various double-sided colours.<\/p>\n","protected":false},"featured_media":4007,"comment_status":"open","ping_status":"closed","template":"","meta":[],"product_brand":[],"product_cat":[17],"product_tag":[],"class_list":{"0":"post-4022","1":"product","2":"type-product","3":"status-publish","4":"has-post-thumbnail","6":"product_cat-copripiumoni","8":"first","9":"instock","10":"taxable","11":"shipping-taxable","12":"purchasable","13":"product-type-variable"},"yoast_head":"<!-- This site is optimized with the Yoast SEO plugin v26.3 - https:\/\/yoast.com\/wordpress\/plugins\/seo\/ -->\n<title>the duvet cover - Sleepis<\/title>\n<meta name=\"description\" content=\"Il Copripiumino ideale per il tuo Piumone. TACOS \u00e8 nuovo e innovativo perch\u00e8 \u00e8 facile inserire all&#039;interno il Piumino e bloccarlo alle 4 estremit\u00e0. Stendi il copripiumone sul letto, aprilo con la comoda cerniera, adagia all&#039;interno il piumone, bloccalo ai 4 angoli e chiudi Tacos.\" \/>\n<meta name=\"robots\" content=\"index, follow, max-snippet:-1, max-image-preview:large, max-video-preview:-1\" \/>\n<link rel=\"canonical\" href=\"https:\/\/www.sleepis.it\/prodotto\/copripiumone\/\" \/>\n<meta property=\"og:locale\" content=\"en_US\" \/>\n<meta property=\"og:type\" content=\"article\" \/>\n<meta property=\"og:title\" content=\"the duvet cover - Sleepis\" \/>\n<meta property=\"og:description\" content=\"Il Copripiumino ideale per il tuo Piumone. TACOS \u00e8 nuovo e innovativo perch\u00e8 \u00e8 facile inserire all&#039;interno il Piumino e bloccarlo alle 4 estremit\u00e0. Stendi il copripiumone sul letto, aprilo con la comoda cerniera, adagia all&#039;interno il piumone, bloccalo ai 4 angoli e chiudi Tacos.\" \/>\n<meta property=\"og:url\" content=\"https:\/\/www.sleepis.it\/prodotto\/copripiumone\/\" \/>\n<meta property=\"og:site_name\" content=\"Sleepis\" \/>\n<meta property=\"article:modified_time\" content=\"2026-02-13T03:23:24+00:00\" \/>\n<meta property=\"og:image\" content=\"https:\/\/www.sleepis.it\/wp-content\/uploads\/2018\/10\/duvet-cover-all-colors.jpg\" \/>\n\t<meta property=\"og:image:width\" content=\"509\" \/>\n\t<meta property=\"og:image:height\" content=\"417\" \/>\n\t<meta property=\"og:image:type\" content=\"image\/jpeg\" \/>\n<meta name=\"twitter:card\" content=\"summary_large_image\" \/>\n<meta name=\"twitter:label1\" content=\"Est. reading time\" \/>\n\t<meta name=\"twitter:data1\" content=\"1 minute\" \/>\n<script type=\"application\/ld+json\" class=\"yoast-schema-graph\">{\"@context\":\"https:\/\/schema.org\",\"@graph\":[{\"@type\":\"WebPage\",\"@id\":\"https:\/\/www.sleepis.it\/prodotto\/copripiumone\/\",\"url\":\"https:\/\/www.sleepis.it\/prodotto\/copripiumone\/\",\"name\":\"the duvet cover - Sleepis\",\"isPartOf\":{\"@id\":\"https:\/\/www.sleepis.it\/#website\"},\"primaryImageOfPage\":{\"@id\":\"https:\/\/www.sleepis.it\/prodotto\/copripiumone\/#primaryimage\"},\"image\":{\"@id\":\"https:\/\/www.sleepis.it\/prodotto\/copripiumone\/#primaryimage\"},\"thumbnailUrl\":\"https:\/\/www.sleepis.it\/wp-content\/uploads\/2018\/10\/duvet-cover-all-colors.jpg\",\"datePublished\":\"2018-10-31T11:26:41+00:00\",\"dateModified\":\"2026-02-13T03:23:24+00:00\",\"description\":\"Il Copripiumino ideale per il tuo Piumone. TACOS \u00e8 nuovo e innovativo perch\u00e8 \u00e8 facile inserire all'interno il Piumino e bloccarlo alle 4 estremit\u00e0. Stendi il copripiumone sul letto, aprilo con la comoda cerniera, adagia all'interno il piumone, bloccalo ai 4 angoli e chiudi Tacos.\",\"breadcrumb\":{\"@id\":\"https:\/\/www.sleepis.it\/prodotto\/copripiumone\/#breadcrumb\"},\"inLanguage\":\"en-US\",\"potentialAction\":[{\"@type\":\"ReadAction\",\"target\":[\"https:\/\/www.sleepis.it\/prodotto\/copripiumone\/\"]}]},{\"@type\":\"ImageObject\",\"inLanguage\":\"en-US\",\"@id\":\"https:\/\/www.sleepis.it\/prodotto\/copripiumone\/#primaryimage\",\"url\":\"https:\/\/www.sleepis.it\/wp-content\/uploads\/2018\/10\/duvet-cover-all-colors.jpg\",\"contentUrl\":\"https:\/\/www.sleepis.it\/wp-content\/uploads\/2018\/10\/duvet-cover-all-colors.jpg\",\"width\":509,\"height\":417},{\"@type\":\"BreadcrumbList\",\"@id\":\"https:\/\/www.sleepis.it\/prodotto\/copripiumone\/#breadcrumb\",\"itemListElement\":[{\"@type\":\"ListItem\",\"position\":1,\"name\":\"Home\",\"item\":\"https:\/\/www.sleepis.it\/\"},{\"@type\":\"ListItem\",\"position\":2,\"name\":\"Prodotti\",\"item\":\"https:\/\/www.sleepis.it\/shop\/\"},{\"@type\":\"ListItem\",\"position\":3,\"name\":\"Tacos, il copri piumone\"}]},{\"@type\":\"WebSite\",\"@id\":\"https:\/\/www.sleepis.it\/#website\",\"url\":\"https:\/\/www.sleepis.it\/\",\"name\":\"Sleepis\",\"description\":\"Customized duvet\",\"potentialAction\":[{\"@type\":\"SearchAction\",\"target\":{\"@type\":\"EntryPoint\",\"urlTemplate\":\"https:\/\/www.sleepis.it\/?s={search_term_string}\"},\"query-input\":{\"@type\":\"PropertyValueSpecification\",\"valueRequired\":true,\"valueName\":\"search_term_string\"}}],\"inLanguage\":\"en-US\"}]}<\/script>\n<!-- \/ Yoast SEO plugin. -->","yoast_head_json":{"title":"the duvet cover - Sleepis","description":"Il Copripiumino ideale per il tuo Piumone. TACOS \u00e8 nuovo e innovativo perch\u00e8 \u00e8 facile inserire all'interno il Piumino e bloccarlo alle 4 estremit\u00e0. Stendi il copripiumone sul letto, aprilo con la comoda cerniera, adagia all'interno il piumone, bloccalo ai 4 angoli e chiudi Tacos.","robots":{"index":"index","follow":"follow","max-snippet":"max-snippet:-1","max-image-preview":"max-image-preview:large","max-video-preview":"max-video-preview:-1"},"canonical":"https:\/\/www.sleepis.it\/prodotto\/copripiumone\/","og_locale":"en_US","og_type":"article","og_title":"the duvet cover - Sleepis","og_description":"Il Copripiumino ideale per il tuo Piumone. TACOS \u00e8 nuovo e innovativo perch\u00e8 \u00e8 facile inserire all'interno il Piumino e bloccarlo alle 4 estremit\u00e0. Stendi il copripiumone sul letto, aprilo con la comoda cerniera, adagia all'interno il piumone, bloccalo ai 4 angoli e chiudi Tacos.","og_url":"https:\/\/www.sleepis.it\/prodotto\/copripiumone\/","og_site_name":"Sleepis","article_modified_time":"2026-02-13T03:23:24+00:00","og_image":[{"width":509,"height":417,"url":"https:\/\/www.sleepis.it\/wp-content\/uploads\/2018\/10\/duvet-cover-all-colors.jpg","type":"image\/jpeg"}],"twitter_card":"summary_large_image","twitter_misc":{"Est. reading time":"1 minute"},"schema":{"@context":"https:\/\/schema.org","@graph":[{"@type":"WebPage","@id":"https:\/\/www.sleepis.it\/prodotto\/copripiumone\/","url":"https:\/\/www.sleepis.it\/prodotto\/copripiumone\/","name":"the duvet cover - Sleepis","isPartOf":{"@id":"https:\/\/www.sleepis.it\/#website"},"primaryImageOfPage":{"@id":"https:\/\/www.sleepis.it\/prodotto\/copripiumone\/#primaryimage"},"image":{"@id":"https:\/\/www.sleepis.it\/prodotto\/copripiumone\/#primaryimage"},"thumbnailUrl":"https:\/\/www.sleepis.it\/wp-content\/uploads\/2018\/10\/duvet-cover-all-colors.jpg","datePublished":"2018-10-31T11:26:41+00:00","dateModified":"2026-02-13T03:23:24+00:00","description":"Il Copripiumino ideale per il tuo Piumone. TACOS \u00e8 nuovo e innovativo perch\u00e8 \u00e8 facile inserire all'interno il Piumino e bloccarlo alle 4 estremit\u00e0. Stendi il copripiumone sul letto, aprilo con la comoda cerniera, adagia all'interno il piumone, bloccalo ai 4 angoli e chiudi Tacos.","breadcrumb":{"@id":"https:\/\/www.sleepis.it\/prodotto\/copripiumone\/#breadcrumb"},"inLanguage":"en-US","potentialAction":[{"@type":"ReadAction","target":["https:\/\/www.sleepis.it\/prodotto\/copripiumone\/"]}]},{"@type":"ImageObject","inLanguage":"en-US","@id":"https:\/\/www.sleepis.it\/prodotto\/copripiumone\/#primaryimage","url":"https:\/\/www.sleepis.it\/wp-content\/uploads\/2018\/10\/duvet-cover-all-colors.jpg","contentUrl":"https:\/\/www.sleepis.it\/wp-content\/uploads\/2018\/10\/duvet-cover-all-colors.jpg","width":509,"height":417},{"@type":"BreadcrumbList","@id":"https:\/\/www.sleepis.it\/prodotto\/copripiumone\/#breadcrumb","itemListElement":[{"@type":"ListItem","position":1,"name":"Home","item":"https:\/\/www.sleepis.it\/"},{"@type":"ListItem","position":2,"name":"Prodotti","item":"https:\/\/www.sleepis.it\/shop\/"},{"@type":"ListItem","position":3,"name":"Tacos, il copri piumone"}]},{"@type":"WebSite","@id":"https:\/\/www.sleepis.it\/#website","url":"https:\/\/www.sleepis.it\/","name":"Sleepis","description":"Customized duvet","potentialAction":[{"@type":"SearchAction","target":{"@type":"EntryPoint","urlTemplate":"https:\/\/www.sleepis.it\/?s={search_term_string}"},"query-input":{"@type":"PropertyValueSpecification","valueRequired":true,"valueName":"search_term_string"}}],"inLanguage":"en-US"}]}},"_links":{"self":[{"href":"https:\/\/www.sleepis.it\/en\/wp-json\/wp\/v2\/product\/4022","targetHints":{"allow":["GET"]}}],"collection":[{"href":"https:\/\/www.sleepis.it\/en\/wp-json\/wp\/v2\/product"}],"about":[{"href":"https:\/\/www.sleepis.it\/en\/wp-json\/wp\/v2\/types\/product"}],"replies":[{"embeddable":true,"href":"https:\/\/www.sleepis.it\/en\/wp-json\/wp\/v2\/comments?post=4022"}],"wp:featuredmedia":[{"embeddable":true,"href":"https:\/\/www.sleepis.it\/en\/wp-json\/wp\/v2\/media\/4007"}],"wp:attachment":[{"href":"https:\/\/www.sleepis.it\/en\/wp-json\/wp\/v2\/media?parent=4022"}],"wp:term":[{"taxonomy":"product_brand","embeddable":true,"href":"https:\/\/www.sleepis.it\/en\/wp-json\/wp\/v2\/product_brand?post=4022"},{"taxonomy":"product_cat","embeddable":true,"href":"https:\/\/www.sleepis.it\/en\/wp-json\/wp\/v2\/product_cat?post=4022"},{"taxonomy":"product_tag","embeddable":true,"href":"https:\/\/www.sleepis.it\/en\/wp-json\/wp\/v2\/product_tag?post=4022"}],"curies":[{"name":"wp","href":"https:\/\/api.w.org\/{rel}","templated":true}]}}