{"id":3755,"date":"2018-02-28T10:17:58","date_gmt":"2018-02-28T09:17:58","guid":{"rendered":"https:\/\/www.sleepis.it\/?page_id=3755"},"modified":"2021-09-16T15:10:27","modified_gmt":"2021-09-16T13:10:27","slug":"me-singolo","status":"publish","type":"page","link":"https:\/\/www.sleepis.it\/en\/me-singolo\/","title":{"rendered":"+me Single Size Duvet"},"content":{"rendered":"<p>[vc_row][vc_column][rev_slider_vc alias=&#8221;Sleepis-Homepage&#8221;][\/vc_column][\/vc_row][vc_row type=&#8221;boxed&#8221; css=&#8221;.vc_custom_1508745050078{margin-top: 2% !important;}&#8221; el_class=&#8221;introhometipologie&#8221;][vc_column width=&#8221;1\/6&#8243;][vc_empty_space][\/vc_column][vc_column width=&#8221;2\/3&#8243;][vc_row_inner][vc_column_inner width=&#8221;1\/3&#8243;][vc_single_image image=&#8221;2377&#8243; img_size=&#8221;full&#8221; alignment=&#8221;center&#8221; onclick=&#8221;custom_link&#8221; link=&#8221;https:\/\/www.sleepis.it\/scegli-il-tuo-piumone\/&#8221;][vc_column_text]<\/p>\n<h2 class=\"prodottihome\">King Size Duvet<\/h2>\n<p class=\"allineacentro\">Composition: 3+3 panels<br \/>\nDimensions: 250&#215;220 cm<br \/>\n100% Goose Duvet or Vegetable Wool Duvet<\/p>\n<p>[\/vc_column_text][vc_btn title=&#8221;Get started&#8221; style=&#8221;classic&#8221; color=&#8221;orange&#8221; align=&#8221;center&#8221; el_class=&#8221;pulsantesleepis&#8221; link=&#8221;url:https%3A%2F%2Fwww.sleepis.it%2Fscegli-il-tuo-piumone%2F|||&#8221;][\/vc_column_inner][vc_column_inner width=&#8221;1\/3&#8243;][vc_single_image image=&#8221;2378&#8243; img_size=&#8221;full&#8221; alignment=&#8221;center&#8221; onclick=&#8221;custom_link&#8221; css_animation=&#8221;none&#8221; link=&#8221;https:\/\/www.sleepis.it\/scegli-il-tuo-piumone\/#1508761419787-0ffcb187-91af&#8221;][vc_column_text]<\/p>\n<h2 class=\"prodottihome\">Queen Size Duvet<\/h2>\n<p class=\"allineacentro\">Composition: 3 panels<br \/>\nDimensions: 200&#215;220 cm<br \/>\n100% Goose Duvet or Vegetable Wool Duvet<\/p>\n<p>[\/vc_column_text][vc_btn title=&#8221;Get started&#8221; style=&#8221;classic&#8221; color=&#8221;orange&#8221; align=&#8221;center&#8221; el_class=&#8221;pulsantesleepis&#8221; link=&#8221;url:https%3A%2F%2Fwww.sleepis.it%2Fscegli-il-tuo-piumone%2F%231508761419787-0ffcb187-91af|||&#8221;][\/vc_column_inner][vc_column_inner width=&#8221;1\/3&#8243;][vc_single_image image=&#8221;2379&#8243; img_size=&#8221;full&#8221; alignment=&#8221;center&#8221; onclick=&#8221;custom_link&#8221; css_animation=&#8221;none&#8221; link=&#8221;https:\/\/www.sleepis.it\/scegli-il-tuo-piumone\/#1508761860691-3cb9cfa5-18c5&#8243;][vc_column_text]<\/p>\n<h2 class=\"prodottihome\">Single Size Duvet<\/h2>\n<p class=\"allineacentro\">Composition: 3 panels<br \/>\nDimensions: 150&#215;220 cm<br \/>\n100% Goose Duvet or Vegetable Wool Duvet<\/p>\n<p>[\/vc_column_text][vc_btn title=&#8221;Get started&#8221; style=&#8221;classic&#8221; color=&#8221;orange&#8221; align=&#8221;center&#8221; el_class=&#8221;pulsantesleepis&#8221; link=&#8221;url:https%3A%2F%2Fwww.sleepis.it%2Fscegli-il-tuo-piumone%2F%231508761860691-3cb9cfa5-18c5|||&#8221;][\/vc_column_inner][\/vc_row_inner][\/vc_column][vc_column width=&#8221;1\/6&#8243;][vc_empty_space][\/vc_column][\/vc_row][vc_row full_width=&#8221;stretch_row&#8221; content_placement=&#8221;middle&#8221; parallax=&#8221;content-moving&#8221; parallax_image=&#8221;2519&#8243; parallax_speed_bg=&#8221;2&#8243; css=&#8221;.vc_custom_1504614070751{padding-top: 10% !important;padding-bottom: 10% !important;}&#8221;][vc_column width=&#8221;1\/6&#8243;][vc_empty_space][\/vc_column][vc_column width=&#8221;2\/3&#8243;][vc_single_image image=&#8221;2415&#8243; img_size=&#8221;full&#8221; alignment=&#8221;center&#8221; css_animation=&#8221;appear&#8221;][vc_column_text]<\/p>\n<h2 class=\"piumehome\" style=\"text-align: left;\">Duvet as warm as you want<\/h2>\n<p>[\/vc_column_text][vc_btn title=&#8221;Discover&#8221; style=&#8221;classic&#8221; color=&#8221;orange&#8221; align=&#8221;center&#8221; el_class=&#8221;pulsantesleepis&#8221; link=&#8221;url:https%3A%2F%2Fwww.sleepis.it%2Fscegli-il-tuo-piumone%2F|||&#8221;][\/vc_column][vc_column width=&#8221;1\/6&#8243;][vc_empty_space][\/vc_column][\/vc_row][vc_row][vc_column width=&#8221;1\/6&#8243;][vc_empty_space][\/vc_column][vc_column width=&#8221;2\/3&#8243;][vc_row_inner][vc_column_inner width=&#8221;1\/2&#8243;][vc_single_image image=&#8221;2453&#8243; img_size=&#8221;full&#8221; onclick=&#8221;custom_link&#8221; link=&#8221;https:\/\/www.sleepis.it\/che-cosa-e-me\/&#8221;][\/vc_column_inner][vc_column_inner width=&#8221;1\/2&#8243;][vc_column_text]<\/p>\n<h2 class=\"piumonehome\" style=\"text-align: left;\">Duvet as warm as you want<\/h2>\n<p>made especially for you and your partner<\/p>\n<p>Our body is warmer than the environment we sleep in and the temperature is one of the factors that determines the quality of sleep.<br \/>\n+me is the duvet with personalized warmth on the chest, legs and feet, thanks to the combination of several panels made of 100% cotton fabric and goose down. The modules, 3 for a single bed and a square and a half and 6 for a double bed, make it easy to achieve your personal comfort.[\/vc_column_text][vc_btn title=&#8221;Discover&#8221; style=&#8221;classic&#8221; color=&#8221;orange&#8221; align=&#8221;center&#8221; el_class=&#8221;pulsantesleepis&#8221; link=&#8221;url:https%3A%2F%2Fwww.sleepis.it%2Fscegli-il-tuo-piumone%2F|||&#8221;][\/vc_column_inner][\/vc_row_inner][\/vc_column][vc_column width=&#8221;1\/6&#8243;][vc_empty_space][\/vc_column][\/vc_row][vc_row css=&#8221;.vc_custom_1503661745237{background-color: #d2cfcf !important;}&#8221;][vc_column][vc_column_text]<\/p>\n<p class=\"citazionehome\">\u201cDormire \u00e8 distrarsi dal mondo. (Jorge Luis Borges)\u201d<\/p>\n<p>[\/vc_column_text][\/vc_column][\/vc_row][vc_row full_width=&#8221;stretch_row&#8221;][vc_column width=&#8221;1\/6&#8243;][vc_empty_space][\/vc_column][vc_column width=&#8221;2\/3&#8243;][vc_row_inner][vc_column_inner width=&#8221;1\/2&#8243; css=&#8221;.vc_custom_1503661597356{margin-top: 5% !important;}&#8221;][vc_progress_bar values=&#8221;%5B%7B%22label%22%3A%2275%25%20dorme%20male%20a%20causa%20del%20caldo%22%2C%22value%22%3A%2275%22%2C%22color%22%3A%22turquoise%22%7D%2C%7B%22label%22%3A%2264%25%20degli%20adulti%20dorme%20male%20a%20causa%20del%20freddo%22%2C%22value%22%3A%2264%22%2C%22color%22%3A%22pink%22%7D%2C%7B%22label%22%3A%2255%25%20delle%20coppie%20sono%20in%20disaccordo%20sulla%20temperatura%20della%20camera%20da%20letto%22%2C%22value%22%3A%2255%22%2C%22color%22%3A%22sandy-brown%22%7D%5D&#8221; bgcolor=&#8221;chino&#8221;][\/vc_column_inner][vc_column_inner width=&#8221;1\/2&#8243;][vc_column_text]<\/p>\n<h2 class=\"piumonehome\" style=\"text-align: left;\">Il sonno in numeri<\/h2>\n<p><span class=\"piumoneduehome\">i numeri danno ragione a +me<\/span><br \/>\nNel bisogno di dormire siamo tutti uguali: uomini, donne, genitori, figli, sia che viviamo da soli o in coppia. Nel sonno ci incontriamo con la nostra parte inconscia e ci esprimiamo attraverso i sogni.<br \/>\nMentre dormiamo il corpo ripara il sistema immunitario, i nervi, lo scheletro, il sistema muscolare e gioca un ruolo di rilievo sulle funzioni endocrine.<br \/>\nIl sonno migliora la memoria, allunga la vita, riduce le infiammazioni, abbassa lo stress, forma la personalit\u00e0, stimola la creativit\u00e0 e protegge la salute del cervello. La giusta quantit\u00e0 di sonno ci rende sani e belli, allontana la tristezza e la depressione.[\/vc_column_text][vc_btn title=&#8221;Discover&#8221; style=&#8221;classic&#8221; color=&#8221;orange&#8221; align=&#8221;center&#8221; el_class=&#8221;pulsantesleepis&#8221; link=&#8221;url:https%3A%2F%2Fwww.sleepis.it%2Fil-sonno-in-numeri%2F|||&#8221;][\/vc_column_inner][\/vc_row_inner][\/vc_column][vc_column width=&#8221;1\/6&#8243;][vc_empty_space][\/vc_column][\/vc_row][vc_row][vc_column][vc_column_text]<br \/>\n[\/vc_column_text][\/vc_column][\/vc_row][vc_row parallax=&#8221;content-moving&#8221; parallax_image=&#8221;2920&#8243; css=&#8221;.vc_custom_1504769892466{margin-top: 5% !important;padding-top: 5% !important;padding-bottom: 5% !important;}&#8221; el_class=&#8221;newsletterhome&#8221;][vc_column width=&#8221;1\/6&#8243;][vc_empty_space][\/vc_column][vc_column width=&#8221;2\/3&#8243;][vc_row_inner][vc_column_inner width=&#8221;1\/2&#8243;][vc_column_text]<\/p>\n<h2 class=\"newsletterhome\">Newsletter<\/h2>\n<p class=\"blunewsletter\">Scarica il tuo coupon di benvenuto!<br \/>\nSe ti iscrivi alla nostra newsletter, avrai diritto ad uno sconto del 10% sul tuo primo ordine.<\/p>\n<p>[\/vc_column_text][\/vc_column_inner][vc_column_inner width=&#8221;1\/2&#8243;][vc_column_text]<\/p>\n<p style=\"text-align: center;\"><script>(function() {\n\twindow.mc4wp = window.mc4wp || {\n\t\tlisteners: [],\n\t\tforms: {\n\t\t\ton: function(evt, cb) {\n\t\t\t\twindow.mc4wp.listeners.push(\n\t\t\t\t\t{\n\t\t\t\t\t\tevent   : evt,\n\t\t\t\t\t\tcallback: cb\n\t\t\t\t\t}\n\t\t\t\t);\n\t\t\t}\n\t\t}\n\t}\n})();\n<\/script><!-- Mailchimp for WordPress v4.10.8 - https:\/\/wordpress.org\/plugins\/mailchimp-for-wp\/ --><form id=\"mc4wp-form-2\" class=\"mc4wp-form mc4wp-form-2464\" method=\"post\" data-id=\"2464\" data-name=\"Iscrizione dal sito\" ><div class=\"mc4wp-form-fields\"><p>\r\n    <input type=\"text\" placeholder=\"Il tuo nome\" name=\"FNAME\">\r\n<\/p>\r\n<p>\r\n\t<input type=\"email\" name=\"EMAIL\" placeholder=\"Il tuo indirizzo email\" required \/>\r\n<\/p>\r\n\r\n<p>\r\n\t<input type=\"submit\" value=\"Invia richiesta\" \/>\r\n<\/p><\/div><label style=\"display: none !important;\">Leave this field empty if you're human: <input type=\"text\" name=\"_mc4wp_honeypot\" value=\"\" tabindex=\"-1\" autocomplete=\"off\" \/><\/label><input type=\"hidden\" name=\"_mc4wp_timestamp\" value=\"1776830674\" \/><input type=\"hidden\" name=\"_mc4wp_form_id\" value=\"2464\" \/><input type=\"hidden\" name=\"_mc4wp_form_element_id\" value=\"mc4wp-form-2\" \/><div class=\"mc4wp-response\"><\/div><\/form><!-- \/ Mailchimp for WordPress Plugin --><\/p>\n<p>[\/vc_column_text][\/vc_column_inner][\/vc_row_inner][\/vc_column][vc_column width=&#8221;1\/6&#8243;][vc_empty_space][\/vc_column][\/vc_row]<\/p>","protected":false},"excerpt":{"rendered":"<p>[vc_row][vc_column][rev_slider_vc alias=&#8221;Sleepis-Homepage&#8221;][\/vc_column][\/vc_row][vc_row type=&#8221;boxed&#8221; css=&#8221;.vc_custom_1508745050078{margin-top: 2% !important;}&#8221; el_class=&#8221;introhometipologie&#8221;][vc_column width=&#8221;1\/6&#8243;][vc_empty_space][\/vc_column][vc_column width=&#8221;2\/3&#8243;][vc_row_inner][vc_column_inner width=&#8221;1\/3&#8243;][vc_single_image image=&#8221;2377&#8243; img_size=&#8221;full&#8221; alignment=&#8221;center&#8221; onclick=&#8221;custom_link&#8221; link=&#8221;https:\/\/www.sleepis.it\/scegli-il-tuo-piumone\/&#8221;][vc_column_text] King Size Duvet Composition: 3+3 panels Dimensions: 250&#215;220 cm 100% Goose Duvet or Vegetable Wool Duvet [\/vc_column_text][vc_btn title=&#8221;Get started&#8221; style=&#8221;classic&#8221; color=&#8221;orange&#8221; align=&#8221;center&#8221; el_class=&#8221;pulsantesleepis&#8221; link=&#8221;url:https%3A%2F%2Fwww.sleepis.it%2Fscegli-il-tuo-piumone%2F|||&#8221;][\/vc_column_inner][vc_column_inner width=&#8221;1\/3&#8243;][vc_single_image image=&#8221;2378&#8243; img_size=&#8221;full&#8221; alignment=&#8221;center&#8221; onclick=&#8221;custom_link&#8221; css_animation=&#8221;none&#8221; link=&#8221;https:\/\/www.sleepis.it\/scegli-il-tuo-piumone\/#1508761419787-0ffcb187-91af&#8221;][vc_column_text] Queen Size Duvet Composition: 3 panels Dimensions: 200&#215;220 cm [&hellip;]<\/p>\n","protected":false},"author":1,"featured_media":0,"parent":0,"menu_order":0,"comment_status":"closed","ping_status":"closed","template":"page-full-width.php","meta":{"footnotes":""},"class_list":["post-3755","page","type-page","status-publish","hentry"],"yoast_head":"<!-- This site is optimized with the Yoast SEO plugin v26.3 - https:\/\/yoast.com\/wordpress\/plugins\/seo\/ -->\n<title>Sleepis - il piumone personalizzato<\/title>\n<meta name=\"description\" content=\"Sleepis - il piumone personalizzato. Matrimoniale, 1 piazza e mezzo e singolo. Scegli quello che fa per te.\" \/>\n<meta name=\"robots\" content=\"index, follow, max-snippet:-1, max-image-preview:large, max-video-preview:-1\" \/>\n<link rel=\"canonical\" href=\"https:\/\/www.sleepis.it\/me-singolo\/\" \/>\n<meta property=\"og:locale\" content=\"en_US\" \/>\n<meta property=\"og:type\" content=\"article\" \/>\n<meta property=\"og:title\" content=\"Sleepis - il piumone personalizzato\" \/>\n<meta property=\"og:description\" content=\"Sleepis - il piumone personalizzato. Matrimoniale, 1 piazza e mezzo e singolo. Scegli quello che fa per te.\" \/>\n<meta property=\"og:url\" content=\"https:\/\/www.sleepis.it\/me-singolo\/\" \/>\n<meta property=\"og:site_name\" content=\"Sleepis\" \/>\n<meta property=\"article:modified_time\" content=\"2021-09-16T13:10:27+00:00\" \/>\n<meta name=\"twitter:card\" content=\"summary_large_image\" \/>\n<meta name=\"twitter:label1\" content=\"Est. reading time\" \/>\n\t<meta name=\"twitter:data1\" content=\"7 minutes\" \/>\n<script type=\"application\/ld+json\" class=\"yoast-schema-graph\">{\"@context\":\"https:\/\/schema.org\",\"@graph\":[{\"@type\":\"WebPage\",\"@id\":\"https:\/\/www.sleepis.it\/me-singolo\/\",\"url\":\"https:\/\/www.sleepis.it\/me-singolo\/\",\"name\":\"Sleepis - il piumone personalizzato\",\"isPartOf\":{\"@id\":\"https:\/\/www.sleepis.it\/#website\"},\"datePublished\":\"2018-02-28T09:17:58+00:00\",\"dateModified\":\"2021-09-16T13:10:27+00:00\",\"description\":\"Sleepis - il piumone personalizzato. Matrimoniale, 1 piazza e mezzo e singolo. Scegli quello che fa per te.\",\"breadcrumb\":{\"@id\":\"https:\/\/www.sleepis.it\/me-singolo\/#breadcrumb\"},\"inLanguage\":\"en-US\",\"potentialAction\":[{\"@type\":\"ReadAction\",\"target\":[\"https:\/\/www.sleepis.it\/me-singolo\/\"]}]},{\"@type\":\"BreadcrumbList\",\"@id\":\"https:\/\/www.sleepis.it\/me-singolo\/#breadcrumb\",\"itemListElement\":[{\"@type\":\"ListItem\",\"position\":1,\"name\":\"Home\",\"item\":\"https:\/\/www.sleepis.it\/\"},{\"@type\":\"ListItem\",\"position\":2,\"name\":\"+me Piumone Singolo\"}]},{\"@type\":\"WebSite\",\"@id\":\"https:\/\/www.sleepis.it\/#website\",\"url\":\"https:\/\/www.sleepis.it\/\",\"name\":\"Sleepis\",\"description\":\"Customized duvet\",\"potentialAction\":[{\"@type\":\"SearchAction\",\"target\":{\"@type\":\"EntryPoint\",\"urlTemplate\":\"https:\/\/www.sleepis.it\/?s={search_term_string}\"},\"query-input\":{\"@type\":\"PropertyValueSpecification\",\"valueRequired\":true,\"valueName\":\"search_term_string\"}}],\"inLanguage\":\"en-US\"}]}<\/script>\n<!-- \/ Yoast SEO plugin. -->","yoast_head_json":{"title":"Sleepis - il piumone personalizzato","description":"Sleepis - il piumone personalizzato. Matrimoniale, 1 piazza e mezzo e singolo. Scegli quello che fa per te.","robots":{"index":"index","follow":"follow","max-snippet":"max-snippet:-1","max-image-preview":"max-image-preview:large","max-video-preview":"max-video-preview:-1"},"canonical":"https:\/\/www.sleepis.it\/me-singolo\/","og_locale":"en_US","og_type":"article","og_title":"Sleepis - il piumone personalizzato","og_description":"Sleepis - il piumone personalizzato. Matrimoniale, 1 piazza e mezzo e singolo. Scegli quello che fa per te.","og_url":"https:\/\/www.sleepis.it\/me-singolo\/","og_site_name":"Sleepis","article_modified_time":"2021-09-16T13:10:27+00:00","twitter_card":"summary_large_image","twitter_misc":{"Est. reading time":"7 minutes"},"schema":{"@context":"https:\/\/schema.org","@graph":[{"@type":"WebPage","@id":"https:\/\/www.sleepis.it\/me-singolo\/","url":"https:\/\/www.sleepis.it\/me-singolo\/","name":"Sleepis - il piumone personalizzato","isPartOf":{"@id":"https:\/\/www.sleepis.it\/#website"},"datePublished":"2018-02-28T09:17:58+00:00","dateModified":"2021-09-16T13:10:27+00:00","description":"Sleepis - il piumone personalizzato. Matrimoniale, 1 piazza e mezzo e singolo. Scegli quello che fa per te.","breadcrumb":{"@id":"https:\/\/www.sleepis.it\/me-singolo\/#breadcrumb"},"inLanguage":"en-US","potentialAction":[{"@type":"ReadAction","target":["https:\/\/www.sleepis.it\/me-singolo\/"]}]},{"@type":"BreadcrumbList","@id":"https:\/\/www.sleepis.it\/me-singolo\/#breadcrumb","itemListElement":[{"@type":"ListItem","position":1,"name":"Home","item":"https:\/\/www.sleepis.it\/"},{"@type":"ListItem","position":2,"name":"+me Piumone Singolo"}]},{"@type":"WebSite","@id":"https:\/\/www.sleepis.it\/#website","url":"https:\/\/www.sleepis.it\/","name":"Sleepis","description":"Customized duvet","potentialAction":[{"@type":"SearchAction","target":{"@type":"EntryPoint","urlTemplate":"https:\/\/www.sleepis.it\/?s={search_term_string}"},"query-input":{"@type":"PropertyValueSpecification","valueRequired":true,"valueName":"search_term_string"}}],"inLanguage":"en-US"}]}},"_links":{"self":[{"href":"https:\/\/www.sleepis.it\/en\/wp-json\/wp\/v2\/pages\/3755","targetHints":{"allow":["GET"]}}],"collection":[{"href":"https:\/\/www.sleepis.it\/en\/wp-json\/wp\/v2\/pages"}],"about":[{"href":"https:\/\/www.sleepis.it\/en\/wp-json\/wp\/v2\/types\/page"}],"author":[{"embeddable":true,"href":"https:\/\/www.sleepis.it\/en\/wp-json\/wp\/v2\/users\/1"}],"replies":[{"embeddable":true,"href":"https:\/\/www.sleepis.it\/en\/wp-json\/wp\/v2\/comments?post=3755"}],"version-history":[{"count":13,"href":"https:\/\/www.sleepis.it\/en\/wp-json\/wp\/v2\/pages\/3755\/revisions"}],"predecessor-version":[{"id":4721,"href":"https:\/\/www.sleepis.it\/en\/wp-json\/wp\/v2\/pages\/3755\/revisions\/4721"}],"wp:attachment":[{"href":"https:\/\/www.sleepis.it\/en\/wp-json\/wp\/v2\/media?parent=3755"}],"curies":[{"name":"wp","href":"https:\/\/api.w.org\/{rel}","templated":true}]}}