{"id":3002,"date":"2017-09-15T14:56:07","date_gmt":"2017-09-15T12:56:07","guid":{"rendered":"https:\/\/www.sleepis.it\/?page_id=3002"},"modified":"2022-05-17T15:32:35","modified_gmt":"2022-05-17T13:32:35","slug":"scegli-il-tuo-piumone","status":"publish","type":"page","link":"https:\/\/www.sleepis.it\/en\/scegli-il-tuo-piumone\/","title":{"rendered":"Choose your duvet"},"content":{"rendered":"<p>[vc_row full_width=&#8221;stretch_row&#8221;][vc_column width=&#8221;1\/6&#8243;][vc_empty_space][\/vc_column][vc_column width=&#8221;2\/3&#8243;][vc_column_text]<\/p>\n<h4 style=\"text-align: center;\">Select the size<\/h4>\n<p>[\/vc_column_text][vc_tta_tabs shape=&#8221;square&#8221; color=&#8221;white&#8221; alignment=&#8221;center&#8221; active_section=&#8221;1&#8243; css_animation=&#8221;fadeIn&#8221; el_class=&#8221;scegli-piumone-base&#8221;][vc_tta_section title=&#8221;King Size&#8221; tab_id=&#8221;1505480257528-da36c9ba-82c9&#8243; el_class=&#8221;scegli-matrimoniale&#8221;][vc_row_inner el_class=&#8221;rigascelta&#8221;][vc_column_inner][vc_column_text]<\/p>\n<h4 style=\"text-align: center;\">Choose the material for the King Size Duvet<\/h4>\n<p>[\/vc_column_text][\/vc_column_inner][\/vc_row_inner][vc_row_inner type=&#8221;boxed&#8221; el_class=&#8221;rigascelta&#8221;][vc_column_inner width=&#8221;1\/4&#8243;][vc_empty_space][\/vc_column_inner][vc_column_inner el_class=&#8221;sceglimateriale&#8221; width=&#8221;1\/4&#8243;][vc_single_image image=&#8221;3261&#8243; img_size=&#8221;full&#8221; onclick=&#8221;custom_link&#8221; css_animation=&#8221;fadeIn&#8221; title=&#8221;Goose Duvet&#8221; link=&#8221;https:\/\/www.sleepis.it\/costruisci-il-tuo-piumone\/configure\/20\/&#8221;][\/vc_column_inner][vc_column_inner el_class=&#8221;sceglimateriale&#8221; width=&#8221;1\/4&#8243;][vc_single_image image=&#8221;3262&#8243; img_size=&#8221;full&#8221; onclick=&#8221;custom_link&#8221; css_animation=&#8221;fadeIn&#8221; title=&#8221;Kapok&#8221; link=&#8221;https:\/\/www.sleepis.it\/costruisci-il-tuo-piumone\/configure\/3264\/&#8221;][\/vc_column_inner][vc_column_inner width=&#8221;1\/4&#8243;][vc_empty_space][\/vc_column_inner][\/vc_row_inner][vc_row_inner type=&#8221;boxed&#8221;][vc_column_inner width=&#8221;1\/4&#8243;][vc_empty_space][\/vc_column_inner][vc_column_inner el_class=&#8221;testomateriale&#8221; width=&#8221;1\/4&#8243; css=&#8221;.vc_custom_1508761024864{margin-top: 5% !important;}&#8221;][vc_column_text]<\/p>\n<p style=\"text-align: right;\">The GOOSE DOWN provides<br \/>\nexcellent thermal<br \/>\nprotection and moisture<br \/>\ndissipation. The flakes<br \/>\nare thick and soft. They are<br \/>\nsubjected to washing,<br \/>\nsterilization and finally<br \/>\ndedusted hypoallergenic.<\/p>\n<p>[\/vc_column_text][\/vc_column_inner][vc_column_inner el_class=&#8221;testomateriale&#8221; width=&#8221;1\/4&#8243;][vc_column_text css=&#8221;.vc_custom_1620902088956{margin-top: 5% !important;}&#8221;]Kapok, also known as<br \/>\nthe &#8220;vegetable wool&#8221;, is so soft that it gives<br \/>\nthe same feeling of lightness<br \/>\nas feathers.<br \/>\nIt is breathable, antibacterial and<br \/>\nnatural anti-mite.[\/vc_column_text][\/vc_column_inner][vc_column_inner width=&#8221;1\/4&#8243;][vc_empty_space][\/vc_column_inner][\/vc_row_inner][\/vc_tta_section][vc_tta_section title=&#8221;Queen size&#8221; tab_id=&#8221;1508761419787-0ffcb187-91af&#8221; el_class=&#8221;scegli-piazza-mezza&#8221;][vc_row_inner el_class=&#8221;rigascelta&#8221;][vc_column_inner][vc_column_text]<\/p>\n<h4 style=\"text-align: center;\">Choose the material for the Double Size Duvet<\/h4>\n<p>[\/vc_column_text][\/vc_column_inner][\/vc_row_inner][vc_row_inner type=&#8221;boxed&#8221; el_class=&#8221;rigascelta&#8221;][vc_column_inner width=&#8221;1\/4&#8243;][vc_empty_space][\/vc_column_inner][vc_column_inner el_class=&#8221;sceglimateriale&#8221; width=&#8221;1\/4&#8243;][vc_single_image image=&#8221;3261&#8243; img_size=&#8221;full&#8221; onclick=&#8221;custom_link&#8221; css_animation=&#8221;fadeIn&#8221; title=&#8221;Piumino d&#8217;oca&#8221; link=&#8221;https:\/\/www.sleepis.it\/costruisci-il-tuo-piumone\/configure\/2994\/&#8221;][\/vc_column_inner][vc_column_inner el_class=&#8221;sceglimateriale&#8221; width=&#8221;1\/4&#8243;][vc_single_image image=&#8221;3262&#8243; img_size=&#8221;full&#8221; onclick=&#8221;custom_link&#8221; css_animation=&#8221;fadeIn&#8221; title=&#8221;Kapok&#8221; link=&#8221;https:\/\/www.sleepis.it\/costruisci-il-tuo-piumone\/configure\/3265\/&#8221;][\/vc_column_inner][vc_column_inner width=&#8221;1\/4&#8243;][vc_empty_space][\/vc_column_inner][\/vc_row_inner][vc_row_inner type=&#8221;boxed&#8221;][vc_column_inner width=&#8221;1\/4&#8243;][vc_empty_space][\/vc_column_inner][vc_column_inner el_class=&#8221;testomateriale&#8221; width=&#8221;1\/4&#8243; css=&#8221;.vc_custom_1508761024864{margin-top: 5% !important;}&#8221;][vc_column_text]<\/p>\n<p style=\"text-align: right;\">The goose down provides<br \/>\nexcellent thermal protection and<br \/>\nmoisture dissipation. The flakes<br \/>\nare thick and soft. They are<br \/>\nsubjected to washing, sterilisation and<br \/>\nsterilisation and finally dedusted<br \/>\nhypoallergenic.<\/p>\n<p>[\/vc_column_text][\/vc_column_inner][vc_column_inner el_class=&#8221;testomateriale&#8221; width=&#8221;1\/4&#8243;][vc_column_text css=&#8221;.vc_custom_1622207000527{margin-top: 5% !important;}&#8221;]Kapok, also known as<br \/>\nthe &#8220;vegetable wool&#8221;, is so soft that it gives<br \/>\nthe same feeling of lightness<br \/>\nas feathers.<br \/>\nIt is breathable, antibacterial and<br \/>\nnatural anti-mite.[\/vc_column_text][\/vc_column_inner][vc_column_inner width=&#8221;1\/4&#8243;][vc_empty_space][\/vc_column_inner][\/vc_row_inner][\/vc_tta_section][vc_tta_section title=&#8221;Single&#8221; tab_id=&#8221;1508761860691-3cb9cfa5-18c5&#8243; el_class=&#8221;scegli-singolo&#8221;][vc_row_inner el_class=&#8221;rigascelta&#8221;][vc_column_inner][vc_column_text]<\/p>\n<h4 style=\"text-align: center;\">Choose the material for the Single Size Duvet<\/h4>\n<p>[\/vc_column_text][\/vc_column_inner][\/vc_row_inner][vc_row_inner type=&#8221;boxed&#8221; el_class=&#8221;rigascelta&#8221;][vc_column_inner width=&#8221;1\/4&#8243;][vc_empty_space][\/vc_column_inner][vc_column_inner el_class=&#8221;sceglimateriale&#8221; width=&#8221;1\/4&#8243;][vc_single_image image=&#8221;3261&#8243; img_size=&#8221;full&#8221; onclick=&#8221;custom_link&#8221; css_animation=&#8221;fadeIn&#8221; title=&#8221;Piumino d&#8217;oca&#8221; link=&#8221;https:\/\/www.sleepis.it\/costruisci-il-tuo-piumone\/configure\/2982\/&#8221;][\/vc_column_inner][vc_column_inner el_class=&#8221;sceglimateriale&#8221; width=&#8221;1\/4&#8243;][vc_single_image image=&#8221;3262&#8243; img_size=&#8221;full&#8221; onclick=&#8221;custom_link&#8221; css_animation=&#8221;fadeIn&#8221; title=&#8221;Kapok&#8221; link=&#8221;https:\/\/www.sleepis.it\/costruisci-il-tuo-piumone\/configure\/3266\/&#8221;][\/vc_column_inner][vc_column_inner width=&#8221;1\/4&#8243;][vc_empty_space][\/vc_column_inner][\/vc_row_inner][vc_row_inner type=&#8221;boxed&#8221;][vc_column_inner width=&#8221;1\/4&#8243;][vc_empty_space][\/vc_column_inner][vc_column_inner el_class=&#8221;testomateriale&#8221; width=&#8221;1\/4&#8243; css=&#8221;.vc_custom_1508761024864{margin-top: 5% !important;}&#8221;][vc_column_text]<\/p>\n<p style=\"text-align: right;\">The goose down provides<br \/>\nexcellent thermal protection and<br \/>\nmoisture dissipation. The flakes<br \/>\nare thick and soft. They are<br \/>\nsubjected to washing, sterilisation and<br \/>\nsterilisation and finally dedusted<br \/>\nhypoallergenic.<\/p>\n<p>[\/vc_column_text][\/vc_column_inner][vc_column_inner el_class=&#8221;testomateriale&#8221; width=&#8221;1\/4&#8243;][vc_column_text css=&#8221;.vc_custom_1622206989184{margin-top: 5% !important;}&#8221;]Kapok, also known as<br \/>\nthe &#8220;vegetable wool&#8221;, is so soft that it gives<br \/>\nthe same feeling of lightness<br \/>\nas feathers.<br \/>\nIt is breathable, antibacterial and<br \/>\nnatural anti-mite.[\/vc_column_text][\/vc_column_inner][vc_column_inner width=&#8221;1\/4&#8243;][vc_empty_space][\/vc_column_inner][\/vc_row_inner][\/vc_tta_section][\/vc_tta_tabs][vc_raw_html]JTNDaWZyYW1lJTIwd2lkdGglM0QlMjI1NjAlMjIlMjBoZWlnaHQlM0QlMjIzMTUlMjIlMjBzcmMlM0QlMjJodHRwcyUzQSUyRiUyRnd3dy55b3V0dWJlLmNvbSUyRmVtYmVkJTJGbzNfSWxETUt5MGMlMjIlMjB0aXRsZSUzRCUyMllvdVR1YmUlMjB2aWRlbyUyMHBsYXllciUyMiUyMGZyYW1lYm9yZGVyJTNEJTIyMCUyMiUyMGFsbG93JTNEJTIyYWNjZWxlcm9tZXRlciUzQiUyMGF1dG9wbGF5JTNCJTIwY2xpcGJvYXJkLXdyaXRlJTNCJTIwZW5jcnlwdGVkLW1lZGlhJTNCJTIwZ3lyb3Njb3BlJTNCJTIwcGljdHVyZS1pbi1waWN0dXJlJTIyJTIwYWxsb3dmdWxsc2NyZWVuJTNFJTNDJTJGaWZyYW1lJTNF[\/vc_raw_html][\/vc_column][vc_column width=&#8221;1\/6&#8243;][vc_empty_space][\/vc_column][\/vc_row]<\/p>","protected":false},"excerpt":{"rendered":"<p>[vc_row full_width=&#8221;stretch_row&#8221;][vc_column width=&#8221;1\/6&#8243;][vc_empty_space][\/vc_column][vc_column width=&#8221;2\/3&#8243;][vc_column_text] Select the size [\/vc_column_text][vc_tta_tabs shape=&#8221;square&#8221; color=&#8221;white&#8221; alignment=&#8221;center&#8221; active_section=&#8221;1&#8243; css_animation=&#8221;fadeIn&#8221; el_class=&#8221;scegli-piumone-base&#8221;][vc_tta_section title=&#8221;King Size&#8221; tab_id=&#8221;1505480257528-da36c9ba-82c9&#8243; el_class=&#8221;scegli-matrimoniale&#8221;][vc_row_inner el_class=&#8221;rigascelta&#8221;][vc_column_inner][vc_column_text] Choose the material for the King Size Duvet [\/vc_column_text][\/vc_column_inner][\/vc_row_inner][vc_row_inner type=&#8221;boxed&#8221; el_class=&#8221;rigascelta&#8221;][vc_column_inner width=&#8221;1\/4&#8243;][vc_empty_space][\/vc_column_inner][vc_column_inner el_class=&#8221;sceglimateriale&#8221; width=&#8221;1\/4&#8243;][vc_single_image image=&#8221;3261&#8243; img_size=&#8221;full&#8221; onclick=&#8221;custom_link&#8221; css_animation=&#8221;fadeIn&#8221; title=&#8221;Goose Duvet&#8221; link=&#8221;https:\/\/www.sleepis.it\/costruisci-il-tuo-piumone\/configure\/20\/&#8221;][\/vc_column_inner][vc_column_inner el_class=&#8221;sceglimateriale&#8221; width=&#8221;1\/4&#8243;][vc_single_image image=&#8221;3262&#8243; img_size=&#8221;full&#8221; onclick=&#8221;custom_link&#8221; css_animation=&#8221;fadeIn&#8221; title=&#8221;Kapok&#8221; link=&#8221;https:\/\/www.sleepis.it\/costruisci-il-tuo-piumone\/configure\/3264\/&#8221;][\/vc_column_inner][vc_column_inner width=&#8221;1\/4&#8243;][vc_empty_space][\/vc_column_inner][\/vc_row_inner][vc_row_inner type=&#8221;boxed&#8221;][vc_column_inner width=&#8221;1\/4&#8243;][vc_empty_space][\/vc_column_inner][vc_column_inner el_class=&#8221;testomateriale&#8221; width=&#8221;1\/4&#8243; css=&#8221;.vc_custom_1508761024864{margin-top: 5% [&hellip;]<\/p>\n","protected":false},"author":1,"featured_media":0,"parent":0,"menu_order":0,"comment_status":"closed","ping_status":"closed","template":"","meta":{"footnotes":""},"class_list":["post-3002","page","type-page","status-publish","hentry"],"yoast_head":"<!-- This site is optimized with the Yoast SEO plugin v26.3 - https:\/\/yoast.com\/wordpress\/plugins\/seo\/ -->\n<title>Choose your duvet - Sleepis<\/title>\n<meta name=\"description\" content=\"Scegli tra Matrimoniale, Singolo e Piazza e Mezza. Scegli l&#039;imbottitura: il Piumino d\u2019oca garantisce un\u2019ottima protezione termica; \u00e8 sottoposti a lavaggio, sterilizzazione e depolverizzazione per essere anallergico. ll Kapok \u00e8 soffice come il piumino ed \u00e8 traspirante, antibatterico e antiacaro naturale.\" \/>\n<meta name=\"robots\" content=\"index, follow, max-snippet:-1, max-image-preview:large, max-video-preview:-1\" \/>\n<link rel=\"canonical\" href=\"https:\/\/www.sleepis.it\/scegli-il-tuo-piumone\/\" \/>\n<meta property=\"og:locale\" content=\"en_US\" \/>\n<meta property=\"og:type\" content=\"article\" \/>\n<meta property=\"og:title\" content=\"Choose your duvet - Sleepis\" \/>\n<meta property=\"og:description\" content=\"Scegli tra Matrimoniale, Singolo e Piazza e Mezza. Scegli l&#039;imbottitura: il Piumino d\u2019oca garantisce un\u2019ottima protezione termica; \u00e8 sottoposti a lavaggio, sterilizzazione e depolverizzazione per essere anallergico. ll Kapok \u00e8 soffice come il piumino ed \u00e8 traspirante, antibatterico e antiacaro naturale.\" \/>\n<meta property=\"og:url\" content=\"https:\/\/www.sleepis.it\/scegli-il-tuo-piumone\/\" \/>\n<meta property=\"og:site_name\" content=\"Sleepis\" \/>\n<meta property=\"article:modified_time\" content=\"2022-05-17T13:32:35+00:00\" \/>\n<meta name=\"twitter:card\" content=\"summary_large_image\" \/>\n<meta name=\"twitter:label1\" content=\"Est. reading time\" \/>\n\t<meta name=\"twitter:data1\" content=\"9 minutes\" \/>\n<script type=\"application\/ld+json\" class=\"yoast-schema-graph\">{\"@context\":\"https:\/\/schema.org\",\"@graph\":[{\"@type\":\"WebPage\",\"@id\":\"https:\/\/www.sleepis.it\/scegli-il-tuo-piumone\/\",\"url\":\"https:\/\/www.sleepis.it\/scegli-il-tuo-piumone\/\",\"name\":\"Choose your duvet - Sleepis\",\"isPartOf\":{\"@id\":\"https:\/\/www.sleepis.it\/#website\"},\"datePublished\":\"2017-09-15T12:56:07+00:00\",\"dateModified\":\"2022-05-17T13:32:35+00:00\",\"description\":\"Scegli tra Matrimoniale, Singolo e Piazza e Mezza. Scegli l'imbottitura: il Piumino d\u2019oca garantisce un\u2019ottima protezione termica; \u00e8 sottoposti a lavaggio, sterilizzazione e depolverizzazione per essere anallergico. ll Kapok \u00e8 soffice come il piumino ed \u00e8 traspirante, antibatterico e antiacaro naturale.\",\"breadcrumb\":{\"@id\":\"https:\/\/www.sleepis.it\/scegli-il-tuo-piumone\/#breadcrumb\"},\"inLanguage\":\"en-US\",\"potentialAction\":[{\"@type\":\"ReadAction\",\"target\":[\"https:\/\/www.sleepis.it\/scegli-il-tuo-piumone\/\"]}]},{\"@type\":\"BreadcrumbList\",\"@id\":\"https:\/\/www.sleepis.it\/scegli-il-tuo-piumone\/#breadcrumb\",\"itemListElement\":[{\"@type\":\"ListItem\",\"position\":1,\"name\":\"Home\",\"item\":\"https:\/\/www.sleepis.it\/\"},{\"@type\":\"ListItem\",\"position\":2,\"name\":\"Componi il tuo piumone\"}]},{\"@type\":\"WebSite\",\"@id\":\"https:\/\/www.sleepis.it\/#website\",\"url\":\"https:\/\/www.sleepis.it\/\",\"name\":\"Sleepis\",\"description\":\"Customized duvet\",\"potentialAction\":[{\"@type\":\"SearchAction\",\"target\":{\"@type\":\"EntryPoint\",\"urlTemplate\":\"https:\/\/www.sleepis.it\/?s={search_term_string}\"},\"query-input\":{\"@type\":\"PropertyValueSpecification\",\"valueRequired\":true,\"valueName\":\"search_term_string\"}}],\"inLanguage\":\"en-US\"}]}<\/script>\n<!-- \/ Yoast SEO plugin. -->","yoast_head_json":{"title":"Choose your duvet - Sleepis","description":"Scegli tra Matrimoniale, Singolo e Piazza e Mezza. Scegli l'imbottitura: il Piumino d\u2019oca garantisce un\u2019ottima protezione termica; \u00e8 sottoposti a lavaggio, sterilizzazione e depolverizzazione per essere anallergico. ll Kapok \u00e8 soffice come il piumino ed \u00e8 traspirante, antibatterico e antiacaro naturale.","robots":{"index":"index","follow":"follow","max-snippet":"max-snippet:-1","max-image-preview":"max-image-preview:large","max-video-preview":"max-video-preview:-1"},"canonical":"https:\/\/www.sleepis.it\/scegli-il-tuo-piumone\/","og_locale":"en_US","og_type":"article","og_title":"Choose your duvet - Sleepis","og_description":"Scegli tra Matrimoniale, Singolo e Piazza e Mezza. Scegli l'imbottitura: il Piumino d\u2019oca garantisce un\u2019ottima protezione termica; \u00e8 sottoposti a lavaggio, sterilizzazione e depolverizzazione per essere anallergico. ll Kapok \u00e8 soffice come il piumino ed \u00e8 traspirante, antibatterico e antiacaro naturale.","og_url":"https:\/\/www.sleepis.it\/scegli-il-tuo-piumone\/","og_site_name":"Sleepis","article_modified_time":"2022-05-17T13:32:35+00:00","twitter_card":"summary_large_image","twitter_misc":{"Est. reading time":"9 minutes"},"schema":{"@context":"https:\/\/schema.org","@graph":[{"@type":"WebPage","@id":"https:\/\/www.sleepis.it\/scegli-il-tuo-piumone\/","url":"https:\/\/www.sleepis.it\/scegli-il-tuo-piumone\/","name":"Choose your duvet - Sleepis","isPartOf":{"@id":"https:\/\/www.sleepis.it\/#website"},"datePublished":"2017-09-15T12:56:07+00:00","dateModified":"2022-05-17T13:32:35+00:00","description":"Scegli tra Matrimoniale, Singolo e Piazza e Mezza. Scegli l'imbottitura: il Piumino d\u2019oca garantisce un\u2019ottima protezione termica; \u00e8 sottoposti a lavaggio, sterilizzazione e depolverizzazione per essere anallergico. ll Kapok \u00e8 soffice come il piumino ed \u00e8 traspirante, antibatterico e antiacaro naturale.","breadcrumb":{"@id":"https:\/\/www.sleepis.it\/scegli-il-tuo-piumone\/#breadcrumb"},"inLanguage":"en-US","potentialAction":[{"@type":"ReadAction","target":["https:\/\/www.sleepis.it\/scegli-il-tuo-piumone\/"]}]},{"@type":"BreadcrumbList","@id":"https:\/\/www.sleepis.it\/scegli-il-tuo-piumone\/#breadcrumb","itemListElement":[{"@type":"ListItem","position":1,"name":"Home","item":"https:\/\/www.sleepis.it\/"},{"@type":"ListItem","position":2,"name":"Componi il tuo piumone"}]},{"@type":"WebSite","@id":"https:\/\/www.sleepis.it\/#website","url":"https:\/\/www.sleepis.it\/","name":"Sleepis","description":"Customized duvet","potentialAction":[{"@type":"SearchAction","target":{"@type":"EntryPoint","urlTemplate":"https:\/\/www.sleepis.it\/?s={search_term_string}"},"query-input":{"@type":"PropertyValueSpecification","valueRequired":true,"valueName":"search_term_string"}}],"inLanguage":"en-US"}]}},"_links":{"self":[{"href":"https:\/\/www.sleepis.it\/en\/wp-json\/wp\/v2\/pages\/3002","targetHints":{"allow":["GET"]}}],"collection":[{"href":"https:\/\/www.sleepis.it\/en\/wp-json\/wp\/v2\/pages"}],"about":[{"href":"https:\/\/www.sleepis.it\/en\/wp-json\/wp\/v2\/types\/page"}],"author":[{"embeddable":true,"href":"https:\/\/www.sleepis.it\/en\/wp-json\/wp\/v2\/users\/1"}],"replies":[{"embeddable":true,"href":"https:\/\/www.sleepis.it\/en\/wp-json\/wp\/v2\/comments?post=3002"}],"version-history":[{"count":85,"href":"https:\/\/www.sleepis.it\/en\/wp-json\/wp\/v2\/pages\/3002\/revisions"}],"predecessor-version":[{"id":4781,"href":"https:\/\/www.sleepis.it\/en\/wp-json\/wp\/v2\/pages\/3002\/revisions\/4781"}],"wp:attachment":[{"href":"https:\/\/www.sleepis.it\/en\/wp-json\/wp\/v2\/media?parent=3002"}],"curies":[{"name":"wp","href":"https:\/\/api.w.org\/{rel}","templated":true}]}}