{"id":2491,"date":"2017-08-23T15:45:40","date_gmt":"2017-08-23T13:45:40","guid":{"rendered":"https:\/\/www.sleepis.it\/?page_id=2491"},"modified":"2021-05-26T10:36:55","modified_gmt":"2021-05-26T08:36:55","slug":"qualita-dei-materiali","status":"publish","type":"page","link":"https:\/\/www.sleepis.it\/en\/qualita-dei-materiali\/","title":{"rendered":"The Quality of ours Materials"},"content":{"rendered":"<p>[vc_row][vc_column width=&#8221;1\/6&#8243;][vc_empty_space][\/vc_column][vc_column width=&#8221;2\/3&#8243;][vc_row_inner][vc_column_inner width=&#8221;1\/2&#8243;][vc_single_image image=&#8221;2783&#8243; img_size=&#8221;full&#8221; alignment=&#8221;center&#8221; css_animation=&#8221;fadeIn&#8221;][\/vc_column_inner][vc_column_inner width=&#8221;1\/2&#8243;][vc_column_text]<\/p>\n<ul>\n<li>+me is made of 100% down<\/li>\n<li>+me is natural, light, breathable.<\/li>\n<\/ul>\n<p>Our products are made with great expertise and natural raw materials that are light, breathable and hygienic.<br \/>\n+me is a 100% natural product, dedusted, washed and sterilised in compliance with Presidential Decree 845 of 23.01.75 and Ministerial Decree 135 of 10.11.78.[\/vc_column_text][\/vc_column_inner][\/vc_row_inner][vc_row_inner css=&#8221;.vc_custom_1504622348367{margin-top: 10% !important;}&#8221;][vc_column_inner width=&#8221;1\/2&#8243;][vc_column_text]<\/p>\n<h3 style=\"text-align: right;\">Feather, down and feather dusters<\/h3>\n<p style=\"text-align: right;\">Feather, down and feather dusters are not the same thing.<br \/>\nFeathers consist of a stem (rachis) from which filaments depart. Downs are small, very soft feathers often mixed with down. Down is the down that comes from the goose&#8217;s undercoat, the lightest part of the plumage. It takes the form of small &#8220;barbs&#8221;, like a soft fluff. These barbs hook together to form small air chambers and collect and store the heat released by the body during the night. At the same time they absorb moisture and release it in the morning.<\/p>\n<p>[\/vc_column_text][\/vc_column_inner][vc_column_inner width=&#8221;1\/2&#8243;][vc_single_image image=&#8221;4634&#8243; img_size=&#8221;full&#8221; alignment=&#8221;center&#8221; css_animation=&#8221;fadeIn&#8221;][\/vc_column_inner][\/vc_row_inner][vc_row_inner css=&#8221;.vc_custom_1504622354711{margin-top: 10% !important;}&#8221;][vc_column_inner width=&#8221;1\/2&#8243;][vc_single_image image=&#8221;2496&#8243; img_size=&#8221;full&#8221; alignment=&#8221;center&#8221; css_animation=&#8221;fadeIn&#8221;][\/vc_column_inner][vc_column_inner width=&#8221;1\/2&#8243;][vc_column_text]<\/p>\n<h3>Origin of the feathers<\/h3>\n<p>The down used for our products comes from geese bred for food purposes in cold countries such as Siberia, Canada, Greenland and North Eastern Europe (Hungary and Poland). These geese have a thick, soft and precious down that once arrived in Italy is washed, sterilised and finally dusted to be absolutely hypoallergenic, according to the highest standards and in compliance with national and European Community laws.<\/p>\n<p>The plumage of the geese is not all white, it sometimes has darker patches that guarantee the same thermal properties as the white ones. By choice we tolerate the presence of darker flakes to guarantee the quality of the raw materials, which are not subjected to chemical bleaching.[\/vc_column_text][\/vc_column_inner][\/vc_row_inner][vc_row_inner css=&#8221;.vc_custom_1504622359407{margin-top: 10% !important;}&#8221;][vc_column_inner width=&#8221;1\/2&#8243;][vc_column_text]<\/p>\n<h3 style=\"text-align: right;\">100% COTTON<\/h3>\n<p style=\"text-align: right;\">Close-knit<\/p>\n<p style=\"text-align: right;\">The outer fabric of +me is cotton, for a triple reason:<br \/>\nto be soft, light, pleasant to the touch, enveloping;<\/p>\n<p style=\"text-align: right;\">for greater breathability: the very dense mesh with which it is woven is 360 TC (Thread Count);<\/p>\n<p style=\"text-align: right;\">to aid breathability and at the same time not allow the duvet to escape.<\/p>\n<p>[\/vc_column_text][\/vc_column_inner][vc_column_inner width=&#8221;1\/2&#8243;][vc_single_image image=&#8221;2507&#8243; img_size=&#8221;full&#8221; alignment=&#8221;center&#8221; css_animation=&#8221;fadeIn&#8221;][\/vc_column_inner][\/vc_row_inner][vc_row_inner css=&#8221;.vc_custom_1504622364295{margin-top: 10% !important;}&#8221;][vc_column_inner width=&#8221;1\/2&#8243;][vc_single_image image=&#8221;2517&#8243; img_size=&#8221;full&#8221; alignment=&#8221;center&#8221; css_animation=&#8221;fadeIn&#8221;][\/vc_column_inner][vc_column_inner width=&#8221;1\/2&#8243;][vc_column_text]<\/p>\n<h3>FILLING POWER<\/h3>\n<p>The filling power of +me is at least 750 cuin.<br \/>\nThe weight of the duvet determines its quality.<br \/>\nBut what is the filling power?\u00a0It is the ratio between the weight and volume of the down and is measured in cubic inches (cuin).\u00a0It is an indication of product quality. If the flakes are bulky and the weight is light, the filling power is higher. This is because the larger the flakes are, the less filling power is needed to achieve the same volume needed to achieve the desired heat levels.[\/vc_column_text][\/vc_column_inner][\/vc_row_inner][vc_row_inner css=&#8221;.vc_custom_1504622369319{margin-top: 10% !important;}&#8221;][vc_column_inner width=&#8221;1\/2&#8243;][vc_column_text]<\/p>\n<h3 style=\"text-align: right;\">HEAT<\/h3>\n<p style=\"text-align: right;\">Our scale<\/p>\n<p style=\"text-align: right;\">Our body is warmer than the environment in which we sleep. During the day we cover ourselves to protect ourselves while at night we &#8220;delegate&#8221; the retention of heat to the duvet.<br \/>\nThere are complex systems to measure this property, and since we are dealing with very personal sensations and needs, we have preferred to describe our products by creating a scale from 1 to 5, aware that it remains a suggestion, an indication, the result of our research and experience.<\/p>\n<p>[\/vc_column_text][\/vc_column_inner][vc_column_inner width=&#8221;1\/2&#8243;][vc_single_image image=&#8221;2499&#8243; img_size=&#8221;full&#8221; alignment=&#8221;center&#8221; css_animation=&#8221;fadeIn&#8221;][\/vc_column_inner][\/vc_row_inner][vc_row_inner css=&#8221;.vc_custom_1504622373839{margin-top: 10% !important;}&#8221;][vc_column_inner width=&#8221;1\/2&#8243;][vc_single_image image=&#8221;2792&#8243; img_size=&#8221;full&#8221; alignment=&#8221;center&#8221; css_animation=&#8221;fadeIn&#8221;][\/vc_column_inner][vc_column_inner width=&#8221;1\/2&#8243;][vc_column_text]<\/p>\n<h3>+me has 3 heat levels currently available<\/h3>\n<p><strong>Level 1<\/strong>, down concentration gr. 80\/m\u00b2<br \/>\nthe lightest panel, suitable for covering the part of the body where it is warmest<br \/>\n<strong>Level 3<\/strong>, down concentration 130 g\/m\u00b2.<br \/>\nthe medium panel, suitable for covering the part of the body that has an average temperature<br \/>\n<strong>Level 5<\/strong>, down concentration 180 g\/m\u00b2.<br \/>\nthe warmest panel, suitable for covering cold extremities[\/vc_column_text][\/vc_column_inner][\/vc_row_inner][\/vc_column][vc_column width=&#8221;1\/6&#8243;][vc_empty_space][\/vc_column][\/vc_row][vc_row full_width=&#8221;stretch_row&#8221; parallax=&#8221;content-moving-fade&#8221; parallax_image=&#8221;2481&#8243; css_animation=&#8221;fadeIn&#8221; css=&#8221;.vc_custom_1503498157444{padding-top: 10% !important;padding-bottom: 10% !important;}&#8221;][vc_column][vc_empty_space][\/vc_column][\/vc_row][vc_row][vc_column width=&#8221;1\/6&#8243;][vc_empty_space][\/vc_column][vc_column width=&#8221;2\/3&#8243;][vc_row_inner][vc_column_inner][vc_column_text]<\/p>\n<h2 class=\"page-title\">Attention to details<\/h2>\n<p>[\/vc_column_text][\/vc_column_inner][\/vc_row_inner][vc_row_inner][vc_column_inner width=&#8221;1\/2&#8243;][vc_single_image image=&#8221;2506&#8243; img_size=&#8221;full&#8221; alignment=&#8221;center&#8221; css_animation=&#8221;fadeIn&#8221;][\/vc_column_inner][vc_column_inner width=&#8221;1\/2&#8243;][vc_column_text]<\/p>\n<h3><strong>Fixed plaid panels with through stitching<\/strong><\/h3>\n<p>+me consists of large squares of fine cotton. The squares are fastened together at the ends with a flat-edge finish and matching buttons or cordonetto at the perimeter.\u00a0The squares are insulated from each other by stitching to allow the filling to be evenly distributed, thus performing its thermo-regulating action very effectively.[\/vc_column_text][\/vc_column_inner][\/vc_row_inner][vc_row_inner][vc_column_inner width=&#8221;1\/2&#8243;][vc_column_text]<\/p>\n<h3 style=\"text-align: right;\"><strong>Buttons<\/strong><\/h3>\n<p style=\"text-align: right;\">+me composes and decomposes itself according to your needs. It does this thanks to the convenient buttonholes and twin buttons. These are small white buttons which, when opened, allow you to combine several panels to obtain the desired heat configuration. In addition, the openings between each attachment make +me perfectly breathable.<\/p>\n<p>[\/vc_column_text][\/vc_column_inner][vc_column_inner width=&#8221;1\/2&#8243;][vc_single_image image=&#8221;2471&#8243; img_size=&#8221;full&#8221; alignment=&#8221;center&#8221; css_animation=&#8221;fadeIn&#8221;][\/vc_column_inner][\/vc_row_inner][vc_row_inner][vc_column_inner width=&#8221;1\/2&#8243;][vc_single_image image=&#8221;2794&#8243; img_size=&#8221;full&#8221; alignment=&#8221;center&#8221; css_animation=&#8221;fadeIn&#8221;][\/vc_column_inner][vc_column_inner width=&#8221;1\/2&#8243;][vc_column_text]<\/p>\n<h3>The bag<\/h3>\n<p>Storing your duvet is just as important as using it.<br \/>\nThat&#8217;s why +me has chosen an original case, which can be easily stored in the wardrobe.<br \/>\nIt is a breathable bag, ideal for storing +me while waiting to use it again.<br \/>\nThe bag also makes it easy to transport.[\/vc_column_text][\/vc_column_inner][\/vc_row_inner][\/vc_column][vc_column width=&#8221;1\/6&#8243;][vc_empty_space][\/vc_column][\/vc_row][vc_section][\/vc_section]<\/p>","protected":false},"excerpt":{"rendered":"<p>[vc_row][vc_column width=&#8221;1\/6&#8243;][vc_empty_space][\/vc_column][vc_column width=&#8221;2\/3&#8243;][vc_row_inner][vc_column_inner width=&#8221;1\/2&#8243;][vc_single_image image=&#8221;2783&#8243; img_size=&#8221;full&#8221; alignment=&#8221;center&#8221; css_animation=&#8221;fadeIn&#8221;][\/vc_column_inner][vc_column_inner width=&#8221;1\/2&#8243;][vc_column_text] +me is made of 100% down +me is natural, light, breathable. Our products are made with great expertise and natural raw materials that are light, breathable and hygienic. +me is a 100% natural product, dedusted, washed and sterilised in compliance with Presidential Decree 845 of 23.01.75 [&hellip;]<\/p>\n","protected":false},"author":1,"featured_media":0,"parent":0,"menu_order":0,"comment_status":"closed","ping_status":"closed","template":"","meta":{"footnotes":""},"class_list":["post-2491","page","type-page","status-publish","hentry"],"yoast_head":"<!-- This site is optimized with the Yoast SEO plugin v26.3 - https:\/\/yoast.com\/wordpress\/plugins\/seo\/ -->\n<title>The Quality of ours Materials - Sleepis<\/title>\n<meta name=\"description\" content=\"I nostri Piumini sono realizzati con Grande Competenza e con Materie Prime Naturali, Leggere, Traspiranti. +me \u00e8 imbottito con 100% Piumino d&#039;oca o 100% Kapok. Il tessuto esterno \u00e8 Cotone per essere Soffice, Leggero, piacevole al Tatto e per una maggiore Traspirabilit\u00e0. Made in Italy.\" \/>\n<meta name=\"robots\" content=\"index, follow, max-snippet:-1, max-image-preview:large, max-video-preview:-1\" \/>\n<link rel=\"canonical\" href=\"https:\/\/www.sleepis.it\/qualita-dei-materiali\/\" \/>\n<meta property=\"og:locale\" content=\"en_US\" \/>\n<meta property=\"og:type\" content=\"article\" \/>\n<meta property=\"og:title\" content=\"The Quality of ours Materials - Sleepis\" \/>\n<meta property=\"og:description\" content=\"I nostri Piumini sono realizzati con Grande Competenza e con Materie Prime Naturali, Leggere, Traspiranti. +me \u00e8 imbottito con 100% Piumino d&#039;oca o 100% Kapok. Il tessuto esterno \u00e8 Cotone per essere Soffice, Leggero, piacevole al Tatto e per una maggiore Traspirabilit\u00e0. Made in Italy.\" \/>\n<meta property=\"og:url\" content=\"https:\/\/www.sleepis.it\/qualita-dei-materiali\/\" \/>\n<meta property=\"og:site_name\" content=\"Sleepis\" \/>\n<meta property=\"article:modified_time\" content=\"2021-05-26T08:36:55+00:00\" \/>\n<meta name=\"twitter:card\" content=\"summary_large_image\" \/>\n<meta name=\"twitter:label1\" content=\"Est. reading time\" \/>\n\t<meta name=\"twitter:data1\" content=\"13 minutes\" \/>\n<script type=\"application\/ld+json\" class=\"yoast-schema-graph\">{\"@context\":\"https:\/\/schema.org\",\"@graph\":[{\"@type\":\"WebPage\",\"@id\":\"https:\/\/www.sleepis.it\/qualita-dei-materiali\/\",\"url\":\"https:\/\/www.sleepis.it\/qualita-dei-materiali\/\",\"name\":\"The Quality of ours Materials - Sleepis\",\"isPartOf\":{\"@id\":\"https:\/\/www.sleepis.it\/#website\"},\"datePublished\":\"2017-08-23T13:45:40+00:00\",\"dateModified\":\"2021-05-26T08:36:55+00:00\",\"description\":\"I nostri Piumini sono realizzati con Grande Competenza e con Materie Prime Naturali, Leggere, Traspiranti. +me \u00e8 imbottito con 100% Piumino d'oca o 100% Kapok. Il tessuto esterno \u00e8 Cotone per essere Soffice, Leggero, piacevole al Tatto e per una maggiore Traspirabilit\u00e0. Made in Italy.\",\"breadcrumb\":{\"@id\":\"https:\/\/www.sleepis.it\/qualita-dei-materiali\/#breadcrumb\"},\"inLanguage\":\"en-US\",\"potentialAction\":[{\"@type\":\"ReadAction\",\"target\":[\"https:\/\/www.sleepis.it\/qualita-dei-materiali\/\"]}]},{\"@type\":\"BreadcrumbList\",\"@id\":\"https:\/\/www.sleepis.it\/qualita-dei-materiali\/#breadcrumb\",\"itemListElement\":[{\"@type\":\"ListItem\",\"position\":1,\"name\":\"Home\",\"item\":\"https:\/\/www.sleepis.it\/\"},{\"@type\":\"ListItem\",\"position\":2,\"name\":\"La Qualit\u00e0 dei nostri Materiali\"}]},{\"@type\":\"WebSite\",\"@id\":\"https:\/\/www.sleepis.it\/#website\",\"url\":\"https:\/\/www.sleepis.it\/\",\"name\":\"Sleepis\",\"description\":\"Customized duvet\",\"potentialAction\":[{\"@type\":\"SearchAction\",\"target\":{\"@type\":\"EntryPoint\",\"urlTemplate\":\"https:\/\/www.sleepis.it\/?s={search_term_string}\"},\"query-input\":{\"@type\":\"PropertyValueSpecification\",\"valueRequired\":true,\"valueName\":\"search_term_string\"}}],\"inLanguage\":\"en-US\"}]}<\/script>\n<!-- \/ Yoast SEO plugin. -->","yoast_head_json":{"title":"The Quality of ours Materials - Sleepis","description":"I nostri Piumini sono realizzati con Grande Competenza e con Materie Prime Naturali, Leggere, Traspiranti. +me \u00e8 imbottito con 100% Piumino d'oca o 100% Kapok. Il tessuto esterno \u00e8 Cotone per essere Soffice, Leggero, piacevole al Tatto e per una maggiore Traspirabilit\u00e0. Made in Italy.","robots":{"index":"index","follow":"follow","max-snippet":"max-snippet:-1","max-image-preview":"max-image-preview:large","max-video-preview":"max-video-preview:-1"},"canonical":"https:\/\/www.sleepis.it\/qualita-dei-materiali\/","og_locale":"en_US","og_type":"article","og_title":"The Quality of ours Materials - Sleepis","og_description":"I nostri Piumini sono realizzati con Grande Competenza e con Materie Prime Naturali, Leggere, Traspiranti. +me \u00e8 imbottito con 100% Piumino d'oca o 100% Kapok. Il tessuto esterno \u00e8 Cotone per essere Soffice, Leggero, piacevole al Tatto e per una maggiore Traspirabilit\u00e0. Made in Italy.","og_url":"https:\/\/www.sleepis.it\/qualita-dei-materiali\/","og_site_name":"Sleepis","article_modified_time":"2021-05-26T08:36:55+00:00","twitter_card":"summary_large_image","twitter_misc":{"Est. reading time":"13 minutes"},"schema":{"@context":"https:\/\/schema.org","@graph":[{"@type":"WebPage","@id":"https:\/\/www.sleepis.it\/qualita-dei-materiali\/","url":"https:\/\/www.sleepis.it\/qualita-dei-materiali\/","name":"The Quality of ours Materials - Sleepis","isPartOf":{"@id":"https:\/\/www.sleepis.it\/#website"},"datePublished":"2017-08-23T13:45:40+00:00","dateModified":"2021-05-26T08:36:55+00:00","description":"I nostri Piumini sono realizzati con Grande Competenza e con Materie Prime Naturali, Leggere, Traspiranti. +me \u00e8 imbottito con 100% Piumino d'oca o 100% Kapok. Il tessuto esterno \u00e8 Cotone per essere Soffice, Leggero, piacevole al Tatto e per una maggiore Traspirabilit\u00e0. Made in Italy.","breadcrumb":{"@id":"https:\/\/www.sleepis.it\/qualita-dei-materiali\/#breadcrumb"},"inLanguage":"en-US","potentialAction":[{"@type":"ReadAction","target":["https:\/\/www.sleepis.it\/qualita-dei-materiali\/"]}]},{"@type":"BreadcrumbList","@id":"https:\/\/www.sleepis.it\/qualita-dei-materiali\/#breadcrumb","itemListElement":[{"@type":"ListItem","position":1,"name":"Home","item":"https:\/\/www.sleepis.it\/"},{"@type":"ListItem","position":2,"name":"La Qualit\u00e0 dei nostri Materiali"}]},{"@type":"WebSite","@id":"https:\/\/www.sleepis.it\/#website","url":"https:\/\/www.sleepis.it\/","name":"Sleepis","description":"Customized duvet","potentialAction":[{"@type":"SearchAction","target":{"@type":"EntryPoint","urlTemplate":"https:\/\/www.sleepis.it\/?s={search_term_string}"},"query-input":{"@type":"PropertyValueSpecification","valueRequired":true,"valueName":"search_term_string"}}],"inLanguage":"en-US"}]}},"_links":{"self":[{"href":"https:\/\/www.sleepis.it\/en\/wp-json\/wp\/v2\/pages\/2491","targetHints":{"allow":["GET"]}}],"collection":[{"href":"https:\/\/www.sleepis.it\/en\/wp-json\/wp\/v2\/pages"}],"about":[{"href":"https:\/\/www.sleepis.it\/en\/wp-json\/wp\/v2\/types\/page"}],"author":[{"embeddable":true,"href":"https:\/\/www.sleepis.it\/en\/wp-json\/wp\/v2\/users\/1"}],"replies":[{"embeddable":true,"href":"https:\/\/www.sleepis.it\/en\/wp-json\/wp\/v2\/comments?post=2491"}],"version-history":[{"count":53,"href":"https:\/\/www.sleepis.it\/en\/wp-json\/wp\/v2\/pages\/2491\/revisions"}],"predecessor-version":[{"id":4644,"href":"https:\/\/www.sleepis.it\/en\/wp-json\/wp\/v2\/pages\/2491\/revisions\/4644"}],"wp:attachment":[{"href":"https:\/\/www.sleepis.it\/en\/wp-json\/wp\/v2\/media?parent=2491"}],"curies":[{"name":"wp","href":"https:\/\/api.w.org\/{rel}","templated":true}]}}